{"id":3756,"date":"2023-03-12T10:15:17","date_gmt":"2023-03-12T10:15:17","guid":{"rendered":"http:\/\/reparatiiaparatecafea.ro\/?page_id=3756"},"modified":"2023-03-12T10:15:46","modified_gmt":"2023-03-12T10:15:46","slug":"service-gaggia","status":"publish","type":"page","link":"https:\/\/reparatiiaparatecafea.ro\/index.php\/service-gaggia\/","title":{"rendered":"Service GAGGIA"},"content":{"rendered":"\t\t<div data-elementor-type=\"wp-page\" data-elementor-id=\"3756\" class=\"elementor elementor-3756\">\n\t\t\t\t\t\t\t\t\t<section class=\"elementor-section elementor-top-section elementor-element elementor-element-a331596 elementor-section-height-min-height elementor-section-boxed elementor-section-height-default elementor-section-items-middle\" data-id=\"a331596\" data-element_type=\"section\" data-settings=\"{&quot;background_background&quot;:&quot;classic&quot;}\">\n\t\t\t\t\t\t\t<div class=\"elementor-background-overlay\"><\/div>\n\t\t\t\t\t\t\t<div class=\"elementor-container elementor-column-gap-default\">\n\t\t\t\t\t<div class=\"elementor-column elementor-col-100 elementor-top-column elementor-element elementor-element-7c00d5c\" data-id=\"7c00d5c\" data-element_type=\"column\">\n\t\t\t<div class=\"elementor-widget-wrap elementor-element-populated\">\n\t\t\t\t\t\t\t\t<div class=\"elementor-element elementor-element-066d8db elementor-widget elementor-widget-heading\" data-id=\"066d8db\" data-element_type=\"widget\" data-widget_type=\"heading.default\">\n\t\t\t\t<div class=\"elementor-widget-container\">\n\t\t\t<style>\/*! elementor - v3.11.2 - 22-02-2023 *\/\n.elementor-heading-title{padding:0;margin:0;line-height:1}.elementor-widget-heading .elementor-heading-title[class*=elementor-size-]>a{color:inherit;font-size:inherit;line-height:inherit}.elementor-widget-heading .elementor-heading-title.elementor-size-small{font-size:15px}.elementor-widget-heading .elementor-heading-title.elementor-size-medium{font-size:19px}.elementor-widget-heading .elementor-heading-title.elementor-size-large{font-size:29px}.elementor-widget-heading .elementor-heading-title.elementor-size-xl{font-size:39px}.elementor-widget-heading .elementor-heading-title.elementor-size-xxl{font-size:59px}<\/style><h2 class=\"elementor-heading-title elementor-size-default\">Service GAGGIA<\/h2>\t\t<\/div>\n\t\t\t\t<\/div>\n\t\t\t\t\t<\/div>\n\t\t<\/div>\n\t\t\t\t\t\t\t<\/div>\n\t\t<\/section>\n\t\t\t\t<section class=\"elementor-section elementor-top-section elementor-element elementor-element-485d5b8d elementor-section-boxed elementor-section-height-default elementor-section-height-default\" data-id=\"485d5b8d\" data-element_type=\"section\" data-settings=\"{&quot;background_background&quot;:&quot;classic&quot;}\">\n\t\t\t\t\t\t<div class=\"elementor-container elementor-column-gap-default\">\n\t\t\t\t\t<div class=\"elementor-column elementor-col-100 elementor-top-column elementor-element elementor-element-6251e976\" data-id=\"6251e976\" data-element_type=\"column\">\n\t\t\t<div class=\"elementor-widget-wrap elementor-element-populated\">\n\t\t\t\t\t\t\t\t<div class=\"elementor-element elementor-element-850504b elementor-widget elementor-widget-text-editor\" data-id=\"850504b\" data-element_type=\"widget\" data-widget_type=\"text-editor.default\">\n\t\t\t\t<div class=\"elementor-widget-container\">\n\t\t\t<style>\/*! elementor - v3.11.2 - 22-02-2023 *\/\n.elementor-widget-text-editor.elementor-drop-cap-view-stacked .elementor-drop-cap{background-color:#818a91;color:#fff}.elementor-widget-text-editor.elementor-drop-cap-view-framed .elementor-drop-cap{color:#818a91;border:3px solid;background-color:transparent}.elementor-widget-text-editor:not(.elementor-drop-cap-view-default) .elementor-drop-cap{margin-top:8px}.elementor-widget-text-editor:not(.elementor-drop-cap-view-default) .elementor-drop-cap-letter{width:1em;height:1em}.elementor-widget-text-editor .elementor-drop-cap{float:left;text-align:center;line-height:1;font-size:50px}.elementor-widget-text-editor .elementor-drop-cap-letter{display:inline-block}<\/style>\t\t\t\t<p><span style=\"font-weight: 400;\">\u00cen anul 1950, Gaggia \u0219i-a g\u0103sit faima \u00een cafenelele la mod\u0103 din Roma, Milano \u0219i Londra. Aceste cafenele au devenit \u00een cur\u00e2nd simboluri ale stilului de via\u021b\u0103 al anilor \u201950. \u00cen 1977, compania a \u00eenceput s\u0103 produc\u0103 espressoare de uz casnic \u0219i s\u0103 pun\u0103 la dispozi\u021bie aparate de cafea pentru uz casnic. Fie c\u0103 \u00ee\u021bi dore\u0219ti simplitatea unui automat sau dore\u0219ti un statut de barista autohton, Gaggia este acolo pentru a r\u0103spunde tuturor a\u0219tept\u0103rilor tale.<\/span><\/p><p><span style=\"font-weight: 400;\">Preg\u0103te\u0219te-te s\u0103 dezl\u0103n\u021bui spiritul t\u0103u contemporan de barista acas\u0103. Aparatele super-automate Gaggia v\u0103 stau la dispozi\u021bie: c\u00e2\u021biva pa\u0219i simpli pentru a \u00eencepe s\u0103 preg\u0103ti\u021bi o mare varietate de b\u0103uturi, pe care le pute\u021bi personaliza dup\u0103 bunul plac. La fel ca o cafenea, dar \u00een confortul propriei case, te po\u021bi bucura de aroma inconfundabil\u0103 a boabelor de cafea proasp\u0103t m\u0103cinate \u00een fiecare zi.<\/span><\/p><p><span style=\"font-weight: 400;\">100% Made in Italy, combin\u0103 tehnologia de ultim\u0103 or\u0103 \u0219i designul unic pentru a v\u0103 oferi o experien\u021b\u0103 de cafea de neuitat.<\/span><\/p>\t\t\t\t\t\t<\/div>\n\t\t\t\t<\/div>\n\t\t\t\t\t<\/div>\n\t\t<\/div>\n\t\t\t\t\t\t\t<\/div>\n\t\t<\/section>\n\t\t\t\t\t\t\t<\/div>\n\t\t","protected":false},"excerpt":{"rendered":"<p>Service GAGGIA \u00cen anul 1950, Gaggia \u0219i-a g\u0103sit faima \u00een cafenelele la mod\u0103 din Roma, Milano \u0219i Londra. Aceste cafenele au devenit \u00een cur\u00e2nd simboluri ale stilului de via\u021b\u0103 al anilor \u201950. \u00cen 1977, compania a \u00eenceput s\u0103 produc\u0103 espressoare de uz casnic \u0219i s\u0103 pun\u0103 la dispozi\u021bie aparate de cafea pentru uz casnic. Fie c\u0103 \u00ee\u021bi dore\u0219ti simplitatea unui &hellip;<\/p>\n","protected":false},"author":1,"featured_media":0,"parent":0,"menu_order":0,"comment_status":"closed","ping_status":"closed","template":"blank-builder.php","meta":{"_monsterinsights_skip_tracking":false,"_monsterinsights_sitenote_active":false,"_monsterinsights_sitenote_note":"","_monsterinsights_sitenote_category":0,"footnotes":""},"class_list":["post-3756","page","type-page","status-publish","hentry"],"aioseo_notices":[],"_links":{"self":[{"href":"https:\/\/reparatiiaparatecafea.ro\/index.php\/wp-json\/wp\/v2\/pages\/3756","targetHints":{"allow":["GET"]}}],"collection":[{"href":"https:\/\/reparatiiaparatecafea.ro\/index.php\/wp-json\/wp\/v2\/pages"}],"about":[{"href":"https:\/\/reparatiiaparatecafea.ro\/index.php\/wp-json\/wp\/v2\/types\/page"}],"author":[{"embeddable":true,"href":"https:\/\/reparatiiaparatecafea.ro\/index.php\/wp-json\/wp\/v2\/users\/1"}],"replies":[{"embeddable":true,"href":"https:\/\/reparatiiaparatecafea.ro\/index.php\/wp-json\/wp\/v2\/comments?post=3756"}],"version-history":[{"count":4,"href":"https:\/\/reparatiiaparatecafea.ro\/index.php\/wp-json\/wp\/v2\/pages\/3756\/revisions"}],"predecessor-version":[{"id":3760,"href":"https:\/\/reparatiiaparatecafea.ro\/index.php\/wp-json\/wp\/v2\/pages\/3756\/revisions\/3760"}],"wp:attachment":[{"href":"https:\/\/reparatiiaparatecafea.ro\/index.php\/wp-json\/wp\/v2\/media?parent=3756"}],"curies":[{"name":"wp","href":"https:\/\/api.w.org\/{rel}","templated":true}]}}